{"id":1603,"date":"2026-02-16T09:36:20","date_gmt":"2026-02-16T07:36:20","guid":{"rendered":"https:\/\/beg.thueringer-becken.de\/?page_id=1603"},"modified":"2026-02-16T10:55:36","modified_gmt":"2026-02-16T08:55:36","slug":"colibri-1603","status":"publish","type":"page","link":"https:\/\/beg.thueringer-becken.de\/?page_id=1603","title":{"rendered":"Anteilserh\u00f6hung"},"content":{"rendered":"<div data-colibri-id=\"1603-c1\" class=\"style-882 style-local-1603-c1 position-relative\">\n  <!---->\n  <div data-colibri-component=\"section\" data-colibri-id=\"1603-c2\" id=\"custom\" class=\"h-section h-section-global-spacing d-flex align-items-lg-center align-items-md-center align-items-center style-911 style-local-1603-c2 position-relative\">\n    <!---->\n    <!---->\n    <div class=\"h-section-grid-container h-section-boxed-container\">\n      <!---->\n      <div data-colibri-id=\"1603-c3\" class=\"h-row-container gutters-row-lg-2 gutters-row-md-2 gutters-row-0 gutters-row-v-lg-2 gutters-row-v-md-2 gutters-row-v-2 style-912 style-local-1603-c3 position-relative\">\n        <!---->\n        <div class=\"h-row justify-content-lg-center justify-content-md-center justify-content-center align-items-lg-stretch align-items-md-stretch align-items-stretch gutters-col-lg-2 gutters-col-md-2 gutters-col-0 gutters-col-v-lg-2 gutters-col-v-md-2 gutters-col-v-2\">\n          <!---->\n          <div class=\"h-column h-column-container d-flex h-col-lg-auto h-col-md-auto h-col-auto style-913-outer style-local-1603-c4-outer\">\n            <div data-colibri-id=\"1603-c4\" class=\"d-flex h-flex-basis h-column__inner h-px-lg-2 h-px-md-2 h-px-2 v-inner-lg-2 v-inner-md-2 v-inner-2 style-913 style-local-1603-c4 position-relative\">\n              <!---->\n              <!---->\n              <div class=\"w-100 h-y-container h-column__content h-column__v-align flex-basis-100 align-self-lg-start align-self-md-start align-self-start\">\n                <!---->\n                <div data-colibri-id=\"1603-c5\" class=\"h-global-transition-all h-heading style-914 style-local-1603-c5 position-relative h-element\">\n                  <!---->\n                  <div class=\"h-heading__outer style-914 style-local-1603-c5\">\n                    <!---->\n                    <!---->\n                    <h4 class=\"\">Wie k\u00f6nnen weitere Genossenschaftsanteile erworben werden?\n                      <br>\n                    <\/h4>\n                  <\/div>\n                <\/div>\n                <div data-colibri-id=\"1603-c12\" class=\"h-text h-text-component style-921 style-local-1603-c12 position-relative h-element\">\n                  <!---->\n                  <!---->\n                  <div class=\"\">\n                    <p>Als bestehendes Mitglied k\u00f6nnen Sie zus\u00e4tzliche Genossenschaftsanteile jederzeit durch \u00dcberweisung des entsprechenden Betrags auf das Konto der BEG erwerben. Ein Anteil betr\u00e4gt 500 Euro. Bitte geben Sie im Verwendungszweck Ihre Mitgliedsnummer,\n                      Ihren vollst\u00e4ndigen Namen sowie das Stichwort &#8222;Genossenschaftsanteil(e)&#8220; an, damit die Zahlung eindeutig zugeordnet werden kann. Nach Eingang der Zahlung auf dem Konto erhalten Sie selbstverst\u00e4ndlich eine Best\u00e4tigung \u00fcber Ihre erworbenen\n                      Genossenschaftsanteile.<\/p>\n                    <p> B\u00fcrgerenergiegenossenschaft Th\u00fcringer Becken eG\n                      <br>IBAN:&nbsp;DE78 8206 4038 0002 9634 18\n                      <br>BIC:&nbsp;GENODEF1MU2\n                      <br>Bank: VR Bank in Th\u00fcringen<\/p>\n                  <\/div>\n                <\/div>\n              <\/div>\n            <\/div>\n          <\/div>\n        <\/div>\n      <\/div>\n    <\/div>\n  <\/div>\n<\/div>","protected":false},"excerpt":{"rendered":"<p>Wie k\u00f6nnen weitere Genossenschaftsanteile erworben werden? Als bestehendes Mitglied k\u00f6nnen Sie zus\u00e4tzliche Genossenschaftsanteile jederzeit durch \u00dcberweisung des entsprechenden Betrags auf das Konto der BEG erwerben. Ein Anteil betr\u00e4gt 500 Euro. Bitte geben Sie im Verwendungszweck Ihre Mitgliedsnummer, Ihren vollst\u00e4ndigen Namen sowie das Stichwort &#8222;Genossenschaftsanteil(e)&#8220; an, damit die Zahlung eindeutig zugeordnet werden kann. Nach Eingang der [&hellip;]<\/p>\n","protected":false},"author":3,"featured_media":0,"parent":0,"menu_order":0,"comment_status":"closed","ping_status":"closed","template":"page-templates\/full-width-page.php","meta":{"footnotes":""},"class_list":["post-1603","page","type-page","status-publish","hentry"],"jetpack_sharing_enabled":true,"_links":{"self":[{"href":"https:\/\/beg.thueringer-becken.de\/index.php?rest_route=\/wp\/v2\/pages\/1603","targetHints":{"allow":["GET"]}}],"collection":[{"href":"https:\/\/beg.thueringer-becken.de\/index.php?rest_route=\/wp\/v2\/pages"}],"about":[{"href":"https:\/\/beg.thueringer-becken.de\/index.php?rest_route=\/wp\/v2\/types\/page"}],"author":[{"embeddable":true,"href":"https:\/\/beg.thueringer-becken.de\/index.php?rest_route=\/wp\/v2\/users\/3"}],"replies":[{"embeddable":true,"href":"https:\/\/beg.thueringer-becken.de\/index.php?rest_route=%2Fwp%2Fv2%2Fcomments&post=1603"}],"version-history":[{"count":5,"href":"https:\/\/beg.thueringer-becken.de\/index.php?rest_route=\/wp\/v2\/pages\/1603\/revisions"}],"predecessor-version":[{"id":1629,"href":"https:\/\/beg.thueringer-becken.de\/index.php?rest_route=\/wp\/v2\/pages\/1603\/revisions\/1629"}],"wp:attachment":[{"href":"https:\/\/beg.thueringer-becken.de\/index.php?rest_route=%2Fwp%2Fv2%2Fmedia&parent=1603"}],"curies":[{"name":"wp","href":"https:\/\/api.w.org\/{rel}","templated":true}]}}