{"id":15,"date":"2023-05-04T21:07:41","date_gmt":"2023-05-04T19:07:41","guid":{"rendered":"https:\/\/beg.thueringer-becken.de\/?page_id=15"},"modified":"2026-02-09T15:21:29","modified_gmt":"2026-02-09T13:21:29","slug":"ueber-uns","status":"publish","type":"page","link":"https:\/\/beg.thueringer-becken.de\/?page_id=15","title":{"rendered":"\u00dcber uns"},"content":{"rendered":"<div data-colibri-id=\"15-c1\" class=\"style-490 style-local-15-c1 position-relative\">\n  <!---->\n  <div data-colibri-component=\"section\" data-colibri-id=\"15-c2\" id=\"about\" class=\"h-section h-section-global-spacing d-flex align-items-lg-center align-items-md-center align-items-center style-495 style-local-15-c2 position-relative\">\n    <!---->\n    <!---->\n    <div class=\"h-section-grid-container h-section-boxed-container\">\n      <!---->\n      <div data-colibri-id=\"15-c3\" class=\"h-row-container gutters-row-lg-0 gutters-row-md-0 gutters-row-0 gutters-row-v-lg-0 gutters-row-v-md-0 gutters-row-v-0 style-496 style-local-15-c3 position-relative\">\n        <!---->\n        <div class=\"h-row justify-content-lg-center justify-content-md-center justify-content-center align-items-lg-stretch align-items-md-stretch align-items-stretch gutters-col-lg-0 gutters-col-md-0 gutters-col-0 gutters-col-v-lg-0 gutters-col-v-md-0 gutters-col-v-0\">\n          <!---->\n          <div class=\"h-column h-column-container d-flex h-col-lg-auto h-col-md-auto h-col-auto style-497-outer style-local-15-c4-outer\">\n            <div data-colibri-id=\"15-c4\" class=\"d-flex h-flex-basis h-column__inner h-px-lg-0 h-px-md-0 h-px-0 v-inner-lg-0 v-inner-md-0 v-inner-0 style-497 style-local-15-c4 position-relative\">\n              <!---->\n              <!---->\n              <div class=\"w-100 h-y-container h-column__content h-column__v-align flex-basis-100 align-self-lg-start align-self-md-start align-self-start\">\n                <!---->\n                <div data-colibri-id=\"15-c5\" class=\"h-global-transition-all h-heading style-499 style-local-15-c5 position-relative h-element\">\n                  <!---->\n                  <div class=\"h-heading__outer style-499 style-local-15-c5\">\n                    <!---->\n                    <!---->\n                    <h3 class=\"\"><span style=\"font-size: 72%;\">B\u00fcrgerEnergiegenossenschaft<br> Th\u00fcringer Becken eG<\/span><\/h3>\n                  <\/div>\n                <\/div>\n                <div data-colibri-id=\"15-c6\" class=\"h-text h-text-component style-500 style-local-15-c6 position-relative h-element\">\n                  <!---->\n                  <!---->\n                  <div class=\"\">\n                    <p>Das Gr\u00fcndungsteam der Genossenschaft besteht aus Verwaltungs-, Finanz-, Versicherungs-, Steuerfachleuten sowie Ingenieuren, Rechtsanw\u00e4lten, Unternehmern und Landwirtschaftsexperten. Der \u00fcberwiegende Teil der Gr\u00fcndungsmitglieder ist\n                      kommunalpolitisch aktiv.<\/p>\n                    <p>Gem\u00e4\u00df Satzung besteht der Vorstand aus mindestens zwei Mitgliedern , wobei die Vertretung der Genossenschaft nach au\u00dfen gemeinschaftlich durch zwei Vorst\u00e4nde erfolgt. Ein Mitglied des Vorstandes muss gleichzeitig gesetzlicher Vertreter\n                      einer Gebietsk\u00f6rperschaft sein, die der Genossenschaft angeh\u00f6rt. Die Vorst\u00e4nde werden ehrenamtlich oder auf Minijob-Basis t\u00e4tig sein.<\/p>\n                    <p>Die Zahl der Aufsichtsratsmitglieder wird in der Satzung mit bis zu neun bestimmt. Die kommunalen Mitglieder haben laut Satzung das Recht bis zu drei Aufsichtsr\u00e4te in den Aufsichtsrat zu entsenden.<\/p>\n                    <p>\n                      <br>\n                    <\/p>\n                  <\/div>\n                <\/div>\n              <\/div>\n            <\/div>\n          <\/div>\n          <div class=\"h-column h-column-container d-flex h-col-lg-auto h-col-md-auto h-col-auto style-501-outer style-local-15-c7-outer\">\n            <div data-colibri-id=\"15-c7\" class=\"d-flex h-flex-basis h-column__inner h-ui-empty-state-container h-px-lg-2 h-px-md-2 h-px-2 v-inner-lg-2 v-inner-md-2 v-inner-2 style-501 style-local-15-c7 position-relative\">\n              <!---->\n              <!---->\n              <div class=\"w-100 h-y-container h-column__content h-column__v-align flex-basis-100\">\n                <!---->\n              <\/div>\n            <\/div>\n          <\/div>\n        <\/div>\n      <\/div>\n    <\/div>\n  <\/div>\n<\/div>","protected":false},"excerpt":{"rendered":"<p>B\u00fcrgerEnergiegenossenschaft Th\u00fcringer Becken eG Das Gr\u00fcndungsteam der Genossenschaft besteht aus Verwaltungs-, Finanz-, Versicherungs-, Steuerfachleuten sowie Ingenieuren, Rechtsanw\u00e4lten, Unternehmern und Landwirtschaftsexperten. Der \u00fcberwiegende Teil der Gr\u00fcndungsmitglieder ist kommunalpolitisch aktiv. Gem\u00e4\u00df Satzung besteht der Vorstand aus mindestens zwei Mitgliedern , wobei die Vertretung der Genossenschaft nach au\u00dfen gemeinschaftlich durch zwei Vorst\u00e4nde erfolgt. Ein Mitglied des Vorstandes muss [&hellip;]<\/p>\n","protected":false},"author":2,"featured_media":0,"parent":0,"menu_order":0,"comment_status":"closed","ping_status":"closed","template":"page-templates\/full-width-page.php","meta":{"footnotes":""},"class_list":["post-15","page","type-page","status-publish","hentry"],"jetpack_sharing_enabled":true,"_links":{"self":[{"href":"https:\/\/beg.thueringer-becken.de\/index.php?rest_route=\/wp\/v2\/pages\/15","targetHints":{"allow":["GET"]}}],"collection":[{"href":"https:\/\/beg.thueringer-becken.de\/index.php?rest_route=\/wp\/v2\/pages"}],"about":[{"href":"https:\/\/beg.thueringer-becken.de\/index.php?rest_route=\/wp\/v2\/types\/page"}],"author":[{"embeddable":true,"href":"https:\/\/beg.thueringer-becken.de\/index.php?rest_route=\/wp\/v2\/users\/2"}],"replies":[{"embeddable":true,"href":"https:\/\/beg.thueringer-becken.de\/index.php?rest_route=%2Fwp%2Fv2%2Fcomments&post=15"}],"version-history":[{"count":8,"href":"https:\/\/beg.thueringer-becken.de\/index.php?rest_route=\/wp\/v2\/pages\/15\/revisions"}],"predecessor-version":[{"id":1481,"href":"https:\/\/beg.thueringer-becken.de\/index.php?rest_route=\/wp\/v2\/pages\/15\/revisions\/1481"}],"wp:attachment":[{"href":"https:\/\/beg.thueringer-becken.de\/index.php?rest_route=%2Fwp%2Fv2%2Fmedia&parent=15"}],"curies":[{"name":"wp","href":"https:\/\/api.w.org\/{rel}","templated":true}]}}